{"id":2,"date":"2026-03-12T18:03:22","date_gmt":"2026-03-12T18:03:22","guid":{"rendered":"http:\/\/www.s3d-design.com\/?page_id=2"},"modified":"2026-03-15T12:21:00","modified_gmt":"2026-03-15T11:21:00","slug":"mon-projet","status":"publish","type":"page","link":"https:\/\/www.s3d-design.com\/index.php\/mon-projet\/","title":{"rendered":"Lancer mon projet"},"content":{"rendered":"<div data-colibri-id=\"2-c1\" class=\"style-307 style-local-2-c1 position-relative\">\n  <!---->\n  <div data-colibri-component=\"section\" data-colibri-id=\"2-c2\" id=\"custom\" class=\"h-section h-section-global-spacing d-flex align-items-lg-center align-items-md-center align-items-center style-312 style-local-2-c2 position-relative\">\n    <!---->\n    <!---->\n    <div class=\"h-section-grid-container h-section-boxed-container\">\n      <!---->\n      <div data-colibri-id=\"2-c3\" class=\"h-row-container gutters-row-lg-2 gutters-row-md-2 gutters-row-0 gutters-row-v-lg-2 gutters-row-v-md-2 gutters-row-v-2 style-313 style-local-2-c3 position-relative\">\n        <!---->\n        <div class=\"h-row justify-content-lg-center justify-content-md-center justify-content-center align-items-lg-stretch align-items-md-stretch align-items-stretch gutters-col-lg-2 gutters-col-md-2 gutters-col-0 gutters-col-v-lg-2 gutters-col-v-md-2 gutters-col-v-2\">\n          <!---->\n          <div class=\"h-column h-column-container d-flex h-col-lg-auto h-col-md-auto h-col-auto style-314-outer style-local-2-c4-outer\">\n            <div data-colibri-id=\"2-c4\" class=\"d-flex h-flex-basis h-column__inner h-px-lg-2 h-px-md-2 h-px-2 v-inner-lg-2 v-inner-md-2 v-inner-2 style-314 style-local-2-c4 position-relative\">\n              <!---->\n              <!---->\n              <div class=\"w-100 h-y-container h-column__content h-column__v-align flex-basis-100 align-self-lg-start align-self-md-start align-self-start\">\n                <!---->\n                <div data-colibri-id=\"2-c5\" class=\"h-text h-text-component style-315 style-local-2-c5 position-relative h-element\">\n                  <!---->\n                  <!---->\n                  <div class=\"\">\n                    <h3>C<strong>omment \u00e7a marche ?<\/strong><\/h3>\n                    <ol>\n                      <li><strong>Le brief :<\/strong> Vous nous d\u00e9taillez votre besoin via le formulaire (besoin technique, esth\u00e9tique, ou r\u00e9paration).<\/li>\n                      <li><strong>L&#8217;\u00e9tude :<\/strong> Nous analysons vos fichiers ou vos contraintes pour vous proposer le mat\u00e9riau et la technologie les plus adapt\u00e9s.<\/li>\n                      <li><strong>Le devis :<\/strong> Vous recevez une proposition chiffr\u00e9e transparente et personnalis\u00e9e.<\/li>\n                      <li><strong style=\"font-size: 16px; font-family: &quot;Didact Gothic&quot;; color: rgb(113, 113, 117);\">Le d\u00e9veloppement :&nbsp;<\/strong><span style=\"font-size: 16px; font-family: &quot;Didact Gothic&quot;; color: rgb(113, 113, 117); font-weight: 400;\">Nous mod\u00e9lisons votre projet en accordance avec vos besoins.<\/span><\/li>\n                      <li><strong style=\"font-size: 16px; font-family: &quot;Didact Gothic&quot;; color: rgb(113, 113, 117);\">Le prototype :&nbsp;<\/strong><span style=\"font-size: 16px; font-family: &quot;Didact Gothic&quot;; color: rgb(113, 113, 117); font-weight: 400;\">Lorsque la conception est finie, nous produisons un ou plusieurs prototypes afin de valider les choix techniques.<\/span><\/li>\n                      <li><strong style=\"color: rgb(113, 113, 117); font-family: &quot;Didact Gothic&quot;; font-size: 16px;\">L&#8217;accompagnement :&nbsp;<\/strong><span style=\"color: rgb(113, 113, 117); font-family: &quot;Didact Gothic&quot;; font-size: 16px; font-weight: 400;\">Tout au long du projet nous sommes \u00e0 votre \u00e9coute pour vous aider \u00e0 r\u00e9aliser exactement ce que vous voulez.<\/span><\/li>\n                      <li><strong>La production :<\/strong> Une fois valid\u00e9, nous lan\u00e7ons l&#8217;impression dans notre atelier avec un contr\u00f4le qualit\u00e9 rigoureux.<\/li>\n                      <li><strong>Livraison :<\/strong> Votre projet prend vie et vous est exp\u00e9di\u00e9 (ou remis en main propre).<\/li>\n                    <\/ol>\n                    <p>Que vous soyez un professionnel avec un cahier des charges pr\u00e9cis ou un particulier avec un simple croquis, chaque projet est unique. Merci de nous donner un maximum de d\u00e9tails pour nous permettre de vous r\u00e9pondre au mieux.<\/p>\n                  <\/div>\n                <\/div>\n              <\/div>\n            <\/div>\n          <\/div>\n        <\/div>\n      <\/div>\n    <\/div>\n  <\/div>\n  <div data-colibri-component=\"section\" data-colibri-id=\"2-c6\" id=\"custom-2\" class=\"h-section h-section-global-spacing d-flex align-items-lg-center align-items-md-center align-items-center style-316 style-local-2-c6 position-relative\">\n    <!---->\n    <!---->\n    <div class=\"h-section-grid-container h-section-boxed-container\">\n      <!---->\n      <div data-colibri-id=\"2-c7\" class=\"h-row-container gutters-row-lg-0 gutters-row-md-0 gutters-row-0 gutters-row-v-lg-0 gutters-row-v-md-0 gutters-row-v-0 style-317 style-local-2-c7 position-relative\">\n        <!---->\n        <div class=\"h-row justify-content-lg-center justify-content-md-center justify-content-center align-items-lg-stretch align-items-md-stretch align-items-stretch gutters-col-lg-0 gutters-col-md-0 gutters-col-0 gutters-col-v-lg-0 gutters-col-v-md-0 gutters-col-v-0\">\n          <!---->\n          <div class=\"h-column h-column-container d-flex h-col-lg-auto h-col-md-auto h-col-auto style-318-outer style-local-2-c8-outer\">\n            <div data-colibri-id=\"2-c8\" class=\"d-flex h-flex-basis h-column__inner h-px-lg-1 h-px-md-1 h-px-1 v-inner-lg-1 v-inner-md-1 v-inner-1 style-318 style-local-2-c8 position-relative\">\n              <!---->\n              <!---->\n              <div class=\"w-100 h-y-container h-column__content h-column__v-align flex-basis-100 align-self-lg-start align-self-md-start align-self-start\">\n                <!---->\n                <div data-colibri-id=\"2-c9\" class=\"h-contact-form__outer--forminator style-320 style-local-2-c9 position-relative h-element\">\n                  <!---->\n                  <div class=\"h-global-transition-all h-global-transition h-global-transition-all h-contact-form-shortcode\"><div class=\"forminator-ui forminator-custom-form forminator-custom-form-219 forminator-design--default  forminator_ajax\" data-forminator-render=\"0\" data-form=\"forminator-module-219\" data-uid=\"69e22c782167f\"><br\/><\/div><form\n\t\t\t\tid=\"forminator-module-219\"\n\t\t\t\tclass=\"forminator-ui forminator-custom-form forminator-custom-form-219 forminator-design--default  forminator_ajax\"\n\t\t\t\tmethod=\"post\"\n\t\t\t\tdata-forminator-render=\"0\"\n\t\t\t\tdata-form-id=\"219\"\n\t\t\t\tenctype=\"multipart\/form-data\" data-color-option=\"theme\" data-design=\"default\" data-grid=\"open\" style=\"display: none;\"\n\t\t\t\tdata-uid=\"69e22c782167f\"\n\t\t\t><div role=\"alert\" aria-live=\"polite\" class=\"forminator-response-message forminator-error\" aria-hidden=\"true\"><\/div><div class=\"forminator-row\"><div id=\"name-1\" class=\"forminator-field-name forminator-col forminator-col-12 \"><div class=\"forminator-row forminator-no-margin\" data-multiple=\"true\"><div class=\"forminator-col forminator-col-md-6\"><div class=\"forminator-field\"><label for=\"forminator-field-219__field--name-1_69e22c782167f\" id=\"forminator-field-219__field--name-1_69e22c782167f-label\" class=\"forminator-label\">Pr\u00e9fixe<\/label><select name=\"name-1-prefix\" id=\"forminator-field-219__field--name-1_69e22c782167f\" class=\"forminator-select2\" data-multi=\"1\" autocomplete=\"honorific-prefix\" aria-labelledby=\"forminator-field-219__field--name-1_69e22c782167f-label\" data-default-value=\"\"><option value=\"Mr\" >M.<\/option><option value=\"Mrs\" >Mme<\/option><option value=\"Ms\" >Mme<\/option><option value=\"Mx\" >Mx<\/option><option value=\"Miss\" >Mlle<\/option><option value=\"Dr\" >Dr.<\/option><option value=\"Prof\" >Prof.<\/option><\/select><\/div><\/div><div class=\"forminator-col forminator-col-md-6\"><div class=\"forminator-field\"><label for=\"forminator-field-first-name-1_69e22c782167f\" id=\"forminator-field-first-name-1_69e22c782167f-label\" class=\"forminator-label\">Pr\u00e9nom <span class=\"forminator-required\">*<\/span><\/label><input type=\"text\" name=\"name-1-first-name\" placeholder=\"\" id=\"forminator-field-first-name-1_69e22c782167f\" class=\"forminator-input\" aria-required=\"true\" data-multi=\"1\" autocomplete=\"given-name\" value=\"\" \/><\/div><\/div><div class=\"forminator-col forminator-col-md-6\"><div class=\"forminator-field\"><label for=\"forminator-field-last-name-1_69e22c782167f\" id=\"forminator-field-last-name-1_69e22c782167f-label\" class=\"forminator-label\">Nom de famille <span class=\"forminator-required\">*<\/span><\/label><input type=\"text\" name=\"name-1-last-name\" placeholder=\"\" id=\"forminator-field-last-name-1_69e22c782167f\" class=\"forminator-input\" aria-required=\"true\" data-multi=\"1\" autocomplete=\"family-name\" value=\"\" \/><\/div><\/div><\/div><\/div><\/div><div class=\"forminator-row\"><div id=\"phone-1\" class=\"forminator-field-phone forminator-col forminator-col-12 \"><div class=\"forminator-field\"><label for=\"forminator-field-phone-1_69e22c782167f\" id=\"forminator-field-phone-1_69e22c782167f-label\" class=\"forminator-label\">Num\u00e9ro de t\u00e9l\u00e9phone <span class=\"forminator-required\">*<\/span><\/label><input type=\"text\" name=\"phone-1\" value=\"\" placeholder=\"\" id=\"forminator-field-phone-1_69e22c782167f\" class=\"forminator-input forminator-field--phone\" data-required=\"1\" aria-required=\"true\" autocomplete=\"off\" data-validation=\"1\" \/><\/div><\/div><\/div><div class=\"forminator-row\"><div id=\"email-1\" class=\"forminator-field-email forminator-col forminator-col-12 \"><div class=\"forminator-field\"><label for=\"forminator-field-email-1_69e22c782167f\" id=\"forminator-field-email-1_69e22c782167f-label\" class=\"forminator-label\">Adresse de messagerie <span class=\"forminator-required\">*<\/span><\/label><input type=\"email\" name=\"email-1\" value=\"\" placeholder=\"\" id=\"forminator-field-email-1_69e22c782167f\" class=\"forminator-input forminator-email--field\" data-required=\"true\" aria-required=\"true\" autocomplete=\"email\" \/><\/div><\/div><\/div><div class=\"forminator-row\"><div id=\"checkbox-1\" class=\"forminator-field-checkbox forminator-col forminator-col-12 \"><div role=\"group\" class=\"forminator-field required\" aria-labelledby=\"forminator-checkbox-group-forminator-field-checkbox-1-69e22c782167f-label\"><span id=\"forminator-checkbox-group-forminator-field-checkbox-1-69e22c782167f-label\" class=\"forminator-label\">Services <span class=\"forminator-required\">*<\/span><\/span><label id=\"forminator-field-checkbox-1-1-69e22c782167f-label\" for=\"forminator-field-checkbox-1-1-69e22c782167f\" class=\"forminator-checkbox\" title=\"Conception\"><input type=\"checkbox\" name=\"checkbox-1[]\" value=\"service-1\" id=\"forminator-field-checkbox-1-1-69e22c782167f\" aria-labelledby=\"forminator-field-checkbox-1-1-69e22c782167f-label\" data-calculation=\"0\"  \/><span class=\"forminator-checkbox-box\" aria-hidden=\"true\"><\/span><span class=\"forminator-checkbox-label\">Conception<\/span><\/label><label id=\"forminator-field-checkbox-1-2-69e22c782167f-label\" for=\"forminator-field-checkbox-1-2-69e22c782167f\" class=\"forminator-checkbox\" title=\"Impression\"><input type=\"checkbox\" name=\"checkbox-1[]\" value=\"service-2\" id=\"forminator-field-checkbox-1-2-69e22c782167f\" aria-labelledby=\"forminator-field-checkbox-1-2-69e22c782167f-label\" data-calculation=\"0\"  \/><span class=\"forminator-checkbox-box\" aria-hidden=\"true\"><\/span><span class=\"forminator-checkbox-label\">Impression<\/span><\/label><\/div><\/div><\/div><div class=\"forminator-row\"><div id=\"textarea-1\" class=\"forminator-field-textarea forminator-col forminator-col-6 \"><div class=\"forminator-field\"><label for=\"forminator-field-textarea-1_69e22c782167f\" id=\"forminator-field-textarea-1_69e22c782167f-label\" class=\"forminator-label\">Explication projet <span class=\"forminator-required\">*<\/span><\/label><span id=\"forminator-field-textarea-1_69e22c782167f-description\" class=\"forminator-description\"><span data-limit=\"500\" data-type=\"words\" data-editor=\"\">0 \/ 500<\/span><\/span><textarea name=\"textarea-1\" placeholder=\"\" id=\"forminator-field-textarea-1_69e22c782167f\" class=\"forminator-textarea\" rows=\"6\" style=\"min-height:140px;\" ><\/textarea><\/div><\/div><div id=\"upload-1\" class=\"forminator-field-upload forminator-col forminator-col-6 \"><div class=\"forminator-field\"><label for=\"forminator-field-upload-1_69e22c782167f\" id=\"forminator-field-upload-1_69e22c782167f-label\" class=\"forminator-label\">T\u00e9l\u00e9verser un fichier<\/label><div class=\"forminator-multi-upload \" data-element=\"upload-1_69e22c782167f\"><input type=\"file\" name=\"upload-1[]\" id=\"forminator-field-upload-1_69e22c782167f\" class=\"forminator-input-file forminator-field-upload-1_69e22c782167f-219\" multiple=\"multiple\" data-method=\"ajax\" data-size=\"8000000\" data-size-message=\"Maximum file size allowed is 8 MB. \"><div class=\"forminator-multi-upload-message\" aria-hidden=\"true\"><span class=\"forminator-icon-upload\" aria-hidden=\"true\"><\/span><p>Glissez et d\u00e9posez (ou) <a class=\"forminator-upload-file--forminator-field-upload-1_69e22c782167f\" href=\"#\" onclick=\"return false;\">Choisissez des fichiers<\/a><\/p><\/div><\/div><ul class=\"forminator-uploaded-files upload-container-upload-1_69e22c782167f\"><\/ul><\/div><\/div><\/div><input type=\"hidden\" name=\"referer_url\" value=\"\" \/><div class=\"forminator-row forminator-row-last\"><div class=\"forminator-col\"><div class=\"forminator-field\"><button class=\"forminator-button forminator-button-submit\">Demander un devis<\/button><\/div><\/div><\/div><input type=\"hidden\" id=\"forminator_nonce\" name=\"forminator_nonce\" value=\"c6bfbe4b72\" \/><input type=\"hidden\" name=\"_wp_http_referer\" value=\"\/index.php\/wp-json\/wp\/v2\/pages\/2\" \/><input type=\"hidden\" name=\"form_id\" value=\"219\"><input type=\"hidden\" name=\"page_id\" value=\"2\"><input type=\"hidden\" name=\"form_type\" value=\"default\"><input type=\"hidden\" name=\"current_url\" value=\"https:\/\/www.s3d-design.com\/index.php\/mon-projet\/\"><input type=\"hidden\" name=\"render_id\" value=\"0\"><input type=\"hidden\" name=\"forminator-multifile-hidden\" class=\"forminator-multifile-hidden\"><input type=\"hidden\" name=\"action\" value=\"forminator_submit_form_custom-forms\"><\/form><\/div>\n                <\/div>\n              <\/div>\n            <\/div>\n          <\/div>\n        <\/div>\n      <\/div>\n    <\/div>\n  <\/div>\n<\/div>","protected":false},"excerpt":{"rendered":"<p>Comment \u00e7a marche ? Le brief : Vous nous d\u00e9taillez votre besoin via [&hellip;]<\/p>\n","protected":false},"author":1,"featured_media":0,"parent":0,"menu_order":0,"comment_status":"closed","ping_status":"closed","template":"page-templates\/full-width-page.php","meta":{"footnotes":""},"class_list":["post-2","page","type-page","status-publish","hentry"],"jetpack_sharing_enabled":true,"_links":{"self":[{"href":"https:\/\/www.s3d-design.com\/index.php\/wp-json\/wp\/v2\/pages\/2","targetHints":{"allow":["GET"]}}],"collection":[{"href":"https:\/\/www.s3d-design.com\/index.php\/wp-json\/wp\/v2\/pages"}],"about":[{"href":"https:\/\/www.s3d-design.com\/index.php\/wp-json\/wp\/v2\/types\/page"}],"author":[{"embeddable":true,"href":"https:\/\/www.s3d-design.com\/index.php\/wp-json\/wp\/v2\/users\/1"}],"replies":[{"embeddable":true,"href":"https:\/\/www.s3d-design.com\/index.php\/wp-json\/wp\/v2\/comments?post=2"}],"version-history":[{"count":5,"href":"https:\/\/www.s3d-design.com\/index.php\/wp-json\/wp\/v2\/pages\/2\/revisions"}],"predecessor-version":[{"id":361,"href":"https:\/\/www.s3d-design.com\/index.php\/wp-json\/wp\/v2\/pages\/2\/revisions\/361"}],"wp:attachment":[{"href":"https:\/\/www.s3d-design.com\/index.php\/wp-json\/wp\/v2\/media?parent=2"}],"curies":[{"name":"wp","href":"https:\/\/api.w.org\/{rel}","templated":true}]}}